{"id":13758,"date":"2014-07-30T11:25:18","date_gmt":"2014-07-30T08:25:18","guid":{"rendered":"https:\/\/trendline.ee\/?page_id=13758"},"modified":"2025-05-18T23:02:35","modified_gmt":"2025-05-18T20:02:35","slug":"blogs","status":"publish","type":"page","link":"https:\/\/trendline.ee\/lv\/blogs\/","title":{"rendered":"BLOGS"},"content":{"rendered":"<div class=\"wpb-content-wrapper\"><p>[vc_row][vc_column][vc_raw_html css=&#8221;&#8221;]JTNDJTIxLS0lMjBHb29nbGUlMjBUYWclMjBNYW5hZ2VyJTIwLS0lM0UlMEElM0NzY3JpcHQlM0UlMjhmdW5jdGlvbiUyOHclMkNkJTJDcyUyQ2wlMkNpJTI5JTdCdyU1QmwlNUQlM0R3JTVCbCU1RCU3QyU3QyU1QiU1RCUzQnclNUJsJTVELnB1c2glMjglN0IlMjdndG0uc3RhcnQlMjclM0ElMEFuZXclMjBEYXRlJTI4JTI5LmdldFRpbWUlMjglMjklMkNldmVudCUzQSUyN2d0bS5qcyUyNyU3RCUyOSUzQnZhciUyMGYlM0RkLmdldEVsZW1lbnRzQnlUYWdOYW1lJTI4cyUyOSU1QjAlNUQlMkMlMEFqJTNEZC5jcmVhdGVFbGVtZW50JTI4cyUyOSUyQ2RsJTNEbCUyMSUzRCUyN2RhdGFMYXllciUyNyUzRiUyNyUyNmwlM0QlMjclMkJsJTNBJTI3JTI3JTNCai5hc3luYyUzRHRydWUlM0JqLnNyYyUzRCUwQSUyN2h0dHBzJTNBJTJGJTJGd3d3Lmdvb2dsZXRhZ21hbmFnZXIuY29tJTJGZ3RtLmpzJTNGaWQlM0QlMjclMkJpJTJCZGwlM0JmLnBhcmVudE5vZGUuaW5zZXJ0QmVmb3JlJTI4aiUyQ2YlMjklM0IlMEElN0QlMjklMjh3aW5kb3clMkNkb2N1bWVudCUyQyUyN3NjcmlwdCUyNyUyQyUyN2RhdGFMYXllciUyNyUyQyUyN0dUTS1XNDdUVDdXNiUyNyUyOSUzQiUzQyUyRnNjcmlwdCUzRSUwQSUzQyUyMS0tJTIwRW5kJTIwR29vZ2xlJTIwVGFnJTIwTWFuYWdlciUyMC0tJTNF[\/vc_raw_html][\/vc_column][\/vc_row][vc_row][vc_column][vc_raw_html css=&#8221;&#8221;]JTNDJTIxLS0lMjBHb29nbGUlMjBUYWclMjBNYW5hZ2VyJTIwJTI4bm9zY3JpcHQlMjklMjAtLSUzRSUwQSUzQ25vc2NyaXB0JTNFJTNDaWZyYW1lJTIwc3JjJTNEJTIyaHR0cHMlM0ElMkYlMkZ3d3cuZ29vZ2xldGFnbWFuYWdlci5jb20lMkZucy5odG1sJTNGaWQlM0RHVE0tVzQ3VFQ3VzYlMjIlMEFoZWlnaHQlM0QlMjIwJTIyJTIwd2lkdGglM0QlMjIwJTIyJTIwc3R5bGUlM0QlMjJkaXNwbGF5JTNBbm9uZSUzQnZpc2liaWxpdHklM0FoaWRkZW4lMjIlM0UlM0MlMkZpZnJhbWUlM0UlM0MlMkZub3NjcmlwdCUzRSUwQSUzQyUyMS0tJTIwRW5kJTIwR29vZ2xlJTIwVGFnJTIwTWFuYWdlciUyMCUyOG5vc2NyaXB0JTI5JTIwLS0lM0U=[\/vc_raw_html][\/vc_column][\/vc_row][vc_row margin_top=&#8221;-100&#8243;][vc_column]\n\t\t\t\t<p class=\"rs-p-wp-fix\"><\/p>\n\t\t\t\t<sr7-module data-alias=\"eng-_-blog-hero-1\" data-id=\"523\" id=\"about\" class=\"rs-ov-hidden\" data-version=\"6.7.52\">\n\t\t\t\t\t<sr7-adjuster><\/sr7-adjuster>\n\t\t\t\t\t<sr7-content>\n\t\t\t\t\t\t<sr7-slide id=\"about-729\" data-key=\"729\">\n\t\t\t\t\t\t\t<sr7-txt id=\"about-729-9\" class=\"sr7-layer\">M\u016bsu viedok\u013ci _<\/sr7-txt>\n\t\t\t\t\t\t<\/sr7-slide>\n\t\t\t\t\t\t<sr7-slide id=\"about-1098\" data-key=\"1098\">\n\t\t\t\t\t\t<\/sr7-slide>\n\t\t\t\t\t<\/sr7-content>\n\t\t\t\t\t<image_lists style=\"display:none\">\n\t\t\t\t\t\t<img data-src=\"\/\/trendline.ee\/wp-content\/uploads\/2021\/03\/Screenshot-2019-12-02-at-10.44.02.png\" data-libid=\"13410\" data-lib=\"medialibrary\" title=\"Screenshot-2019-12-02-at-10.44.02\" width=\"0\" height=\"0\" data-dbsrc=\"Ly90cmVuZGxpbmUuZWUvd3AtY29udGVudC91cGxvYWRzLzIwMjEvMDMvU2NyZWVuc2hvdC0yMDE5LTEyLTAyLWF0LTEwLjQ0LjAyLnBuZw==\"\/>\n\t\t\t\t\t\t<img data-src=\"\/\/trendline.ee\/wp-content\/uploads\/2021\/03\/Screenshot-2019-12-02-at-10.42.20.png\" data-libid=\"13401\" data-lib=\"medialibrary\" alt=\"Eero Palm _ Trendline testostud koolitused teenindusstandardid\" title=\"Screenshot-2019-12-02-at-10.42.20\" width=\"0\" height=\"0\" data-dbsrc=\"Ly90cmVuZGxpbmUuZWUvd3AtY29udGVudC91cGxvYWRzLzIwMjEvMDMvU2NyZWVuc2hvdC0yMDE5LTEyLTAyLWF0LTEwLjQyLjIwLnBuZw==\"\/>\n\t\t\t\t\t\t<img data-src=\"\/\/trendline.ee\/wp-content\/uploads\/revslider\/objects\/keyboard_apple.png\" width=\"0\" height=\"0\" data-dbsrc=\"Ly90cmVuZGxpbmUuZWUvd3AtY29udGVudC91cGxvYWRzL3JldnNsaWRlci9vYmplY3RzL2tleWJvYXJkX2FwcGxlLnBuZw==\"\/>\n\t\t\t\t\t\t<img data-src=\"\/\/trendline.ee\/wp-content\/uploads\/revslider\/objects\/object_lamp_1.png\" width=\"0\" height=\"0\" data-dbsrc=\"Ly90cmVuZGxpbmUuZWUvd3AtY29udGVudC91cGxvYWRzL3JldnNsaWRlci9vYmplY3RzL29iamVjdF9sYW1wXzEucG5n\"\/>\n\t\t\t\t\t\t<img data-src=\"\/\/trendline.ee\/wp-content\/uploads\/revslider\/objects\/object_macmouse_1.png\" width=\"0\" height=\"0\" data-dbsrc=\"Ly90cmVuZGxpbmUuZWUvd3AtY29udGVudC91cGxvYWRzL3JldnNsaWRlci9vYmplY3RzL29iamVjdF9tYWNtb3VzZV8xLnBuZw==\"\/>\n\t\t\t\t\t\t<img data-src=\"\/\/trendline.ee\/wp-content\/uploads\/revslider\/objects\/object_eraser_1.png\" width=\"0\" height=\"0\" data-dbsrc=\"Ly90cmVuZGxpbmUuZWUvd3AtY29udGVudC91cGxvYWRzL3JldnNsaWRlci9vYmplY3RzL29iamVjdF9lcmFzZXJfMS5wbmc=\"\/>\n\t\t\t\t\t\t<img data-src=\"\/\/trendline.ee\/wp-content\/uploads\/revslider\/objects\/object_brushpot_1.png\" width=\"0\" height=\"0\" data-dbsrc=\"Ly90cmVuZGxpbmUuZWUvd3AtY29udGVudC91cGxvYWRzL3JldnNsaWRlci9vYmplY3RzL29iamVjdF9icnVzaHBvdF8xLnBuZw==\"\/>\n\t\t\t\t\t\t<img data-src=\"\/\/trendline.ee\/wp-content\/uploads\/revslider\/objects\/object_plant_1.png\" width=\"0\" height=\"0\" data-dbsrc=\"Ly90cmVuZGxpbmUuZWUvd3AtY29udGVudC91cGxvYWRzL3JldnNsaWRlci9vYmplY3RzL29iamVjdF9wbGFudF8xLnBuZw==\"\/>\n\t\t\t\t\t\t<img data-src=\"\/\/trendline.ee\/wp-content\/uploads\/revslider\/objects\/object_folder_1.png\" width=\"0\" height=\"0\" data-dbsrc=\"Ly90cmVuZGxpbmUuZWUvd3AtY29udGVudC91cGxvYWRzL3JldnNsaWRlci9vYmplY3RzL29iamVjdF9mb2xkZXJfMS5wbmc=\"\/>\n\t\t\t\t\t<\/image_lists>\n\t\t\t\t<\/sr7-module>\n\t\t\t\t<script>\n\t\t\t\t\twindow.SR7 ??={};SR7.PMH ??={}; SR7.PMH[\"about\"] = {cn:100,state:false,fn: function() { if (window._tpt!==undefined && window._tpt.prepareModuleHeight !== undefined) {  _tpt.prepareModuleHeight({id:\"about\",el:[600,600,800,500,500],type:'hero',shdw:'0',gh:[600,600,800,500,500],gw:[1240,1240,1024,778,480],vpt:['20%&#039;,&#039;20%&#039;,&#039;20%&#039;,&#039;20%&#039;,&#039;20%'],size:{fullWidth:true, fullHeight:false},mh:'0',onh:0,onw:0,bg:{color:'{\"type\":\"solid\",\"orig\":\"#eef0f1\",\"string\":\"rgba(238, 240, 241, 1)\"}'},plType:'3',plColor:'#FFFFFF'});   SR7.PMH[\"about\"].state=true;} else if(SR7.PMH[\"about\"].cn-->0)\tsetTimeout( SR7.PMH[\"about\"].fn,19);}};SR7.PMH[\"about\" ].fn();\n\t\t\t\t<\/script>\n[\/vc_column][\/vc_row]<\/p>\n<\/div>","protected":false},"excerpt":{"rendered":"<p>[vc_row][vc_column][vc_raw_html css=&#8221;&#8221;]JTNDJTIxLS0lMjBHb29nbGUlMjBUYWclMjBNYW5hZ2VyJTIwLS0lM0UlMEElM0NzY3JpcHQlM0UlMjhmdW5jdGlvbiUyOHclMkNkJTJDcyUyQ2wlMkNpJTI5JTdCdyU1QmwlNUQlM0R3JTVCbCU1RCU3QyU3QyU1QiU1RCUzQnclNUJsJTVELnB1c2glMjglN0IlMjdndG0uc3RhcnQlMjclM0ElMEFuZXclMjBEYXRlJTI4JTI5LmdldFRpbWUlMjglMjklMkNldmVudCUzQSUyN2d0bS5qcyUyNyU3RCUyOSUzQnZhciUyMGYlM0RkLmdldEVsZW1lbnRzQnlUYWdOYW1lJTI4cyUyOSU1QjAlNUQlMkMlMEFqJTNEZC5jcmVhdGVFbGVtZW50JTI4cyUyOSUyQ2RsJTNEbCUyMSUzRCUyN2RhdGFMYXllciUyNyUzRiUyNyUyNmwlM0QlMjclMkJsJTNBJTI3JTI3JTNCai5hc3luYyUzRHRydWUlM0JqLnNyYyUzRCUwQSUyN2h0dHBzJTNBJTJGJTJGd3d3Lmdvb2dsZXRhZ21hbmFnZXIuY29tJTJGZ3RtLmpzJTNGaWQlM0QlMjclMkJpJTJCZGwlM0JmLnBhcmVudE5vZGUuaW5zZXJ0QmVmb3JlJTI4aiUyQ2YlMjklM0IlMEElN0QlMjklMjh3aW5kb3clMkNkb2N1bWVudCUyQyUyN3NjcmlwdCUyNyUyQyUyN2RhdGFMYXllciUyNyUyQyUyN0dUTS1XNDdUVDdXNiUyNyUyOSUzQiUzQyUyRnNjcmlwdCUzRSUwQSUzQyUyMS0tJTIwRW5kJTIwR29vZ2xlJTIwVGFnJTIwTWFuYWdlciUyMC0tJTNF[\/vc_raw_html][\/vc_column][\/vc_row][vc_row][vc_column][vc_raw_html css=&#8221;&#8221;]JTNDJTIxLS0lMjBHb29nbGUlMjBUYWclMjBNYW5hZ2VyJTIwJTI4bm9zY3JpcHQlMjklMjAtLSUzRSUwQSUzQ25vc2NyaXB0JTNFJTNDaWZyYW1lJTIwc3JjJTNEJTIyaHR0cHMlM0ElMkYlMkZ3d3cuZ29vZ2xldGFnbWFuYWdlci5jb20lMkZucy5odG1sJTNGaWQlM0RHVE0tVzQ3VFQ3VzYlMjIlMEFoZWlnaHQlM0QlMjIwJTIyJTIwd2lkdGglM0QlMjIwJTIyJTIwc3R5bGUlM0QlMjJkaXNwbGF5JTNBbm9uZSUzQnZpc2liaWxpdHklM0FoaWRkZW4lMjIlM0UlM0MlMkZpZnJhbWUlM0UlM0MlMkZub3NjcmlwdCUzRSUwQSUzQyUyMS0tJTIwRW5kJTIwR29vZ2xlJTIwVGFnJTIwTWFuYWdlciUyMCUyOG5vc2NyaXB0JTI5JTIwLS0lM0U=[\/vc_raw_html][\/vc_column][\/vc_row][vc_row margin_top=&#8221;-100&#8243;][vc_column][\/vc_column][\/vc_row]<\/p>\n","protected":false},"author":1,"featured_media":13449,"parent":0,"menu_order":60,"comment_status":"closed","ping_status":"closed","template":"template-blog-masonry.php","meta":{"_monsterinsights_skip_tracking":false,"_monsterinsights_sitenote_active":false,"_monsterinsights_sitenote_note":"","_monsterinsights_sitenote_category":0,"footnotes":""},"class_list":["post-13758","page","type-page","status-publish","has-post-thumbnail","hentry","description-off"],"yoast_head":"<!-- This site is optimized with the Yoast SEO plugin v27.3 - https:\/\/yoast.com\/product\/yoast-seo-wordpress\/ -->\n<title>BLOGS - Trendline - SLEPEN\u0100 V\u0112RT\u0112\u0160ANA<\/title>\n<meta name=\"description\" content=\"Ikvienam, kas v\u0113las k\u0101rt\u012bgi, god\u012bgi, apzin\u012bgi, korekti un augst\u0101 kvalit\u0101t\u0113 veikt slepen\u0101 v\u0113rt\u0113t\u0101ja darbu, iesak\u0101m t\u0101l\u0101k min\u0113tos 3 so\u013cus.\" \/>\n<meta name=\"robots\" content=\"index, follow, max-snippet:-1, max-image-preview:large, max-video-preview:-1\" \/>\n<link rel=\"canonical\" href=\"https:\/\/trendline.ee\/lv\/blogs\/\" \/>\n<meta property=\"og:locale\" content=\"lv_LV\" \/>\n<meta property=\"og:type\" content=\"article\" \/>\n<meta property=\"og:title\" content=\"BLOGS - Trendline - SLEPEN\u0100 V\u0112RT\u0112\u0160ANA\" \/>\n<meta property=\"og:description\" content=\"Ikvienam, kas v\u0113las k\u0101rt\u012bgi, god\u012bgi, apzin\u012bgi, korekti un augst\u0101 kvalit\u0101t\u0113 veikt slepen\u0101 v\u0113rt\u0113t\u0101ja darbu, iesak\u0101m t\u0101l\u0101k min\u0113tos 3 so\u013cus.\" \/>\n<meta property=\"og:url\" content=\"https:\/\/trendline.ee\/lv\/blogs\/\" \/>\n<meta property=\"og:site_name\" content=\"Trendline\" \/>\n<meta property=\"article:publisher\" content=\"https:\/\/www.facebook.com\/trendline.eesti\" \/>\n<meta property=\"article:modified_time\" content=\"2025-05-18T20:02:35+00:00\" \/>\n<meta property=\"og:image\" content=\"https:\/\/trendline.ee\/wp-content\/uploads\/2021\/03\/Mystery-Shopping-and-internal-audit.png\" \/>\n\t<meta property=\"og:image:width\" content=\"1728\" \/>\n\t<meta property=\"og:image:height\" content=\"1008\" \/>\n\t<meta property=\"og:image:type\" content=\"image\/png\" \/>\n<meta name=\"twitter:card\" content=\"summary_large_image\" \/>\n<meta name=\"twitter:image\" content=\"https:\/\/trendline.ee\/wp-content\/uploads\/2021\/03\/Mystery-Shopping-and-internal-audit.png\" \/>\n<meta name=\"twitter:label1\" content=\"Est. reading time\" \/>\n\t<meta name=\"twitter:data1\" content=\"1 min\u016b\u0161u\" \/>\n<script type=\"application\/ld+json\" class=\"yoast-schema-graph\">{\"@context\":\"https:\\\/\\\/schema.org\",\"@graph\":[{\"@type\":\"WebPage\",\"@id\":\"https:\\\/\\\/trendline.ee\\\/lv\\\/blogs\\\/\",\"url\":\"https:\\\/\\\/trendline.ee\\\/lv\\\/blogs\\\/\",\"name\":\"BLOGS - Trendline - SLEPEN\u0100 V\u0112RT\u0112\u0160ANA\",\"isPartOf\":{\"@id\":\"https:\\\/\\\/trendline.ee\\\/lv\\\/#website\"},\"primaryImageOfPage\":{\"@id\":\"https:\\\/\\\/trendline.ee\\\/lv\\\/blogs\\\/#primaryimage\"},\"image\":{\"@id\":\"https:\\\/\\\/trendline.ee\\\/lv\\\/blogs\\\/#primaryimage\"},\"thumbnailUrl\":\"https:\\\/\\\/trendline.ee\\\/wp-content\\\/uploads\\\/2021\\\/03\\\/Mystery-Shopping-and-internal-audit.png\",\"datePublished\":\"2014-07-30T08:25:18+00:00\",\"dateModified\":\"2025-05-18T20:02:35+00:00\",\"description\":\"Ikvienam, kas v\u0113las k\u0101rt\u012bgi, god\u012bgi, apzin\u012bgi, korekti un augst\u0101 kvalit\u0101t\u0113 veikt slepen\u0101 v\u0113rt\u0113t\u0101ja darbu, iesak\u0101m t\u0101l\u0101k min\u0113tos 3 so\u013cus.\",\"breadcrumb\":{\"@id\":\"https:\\\/\\\/trendline.ee\\\/lv\\\/blogs\\\/#breadcrumb\"},\"inLanguage\":\"lv-LV\",\"potentialAction\":[{\"@type\":\"ReadAction\",\"target\":[\"https:\\\/\\\/trendline.ee\\\/lv\\\/blogs\\\/\"]}]},{\"@type\":\"ImageObject\",\"inLanguage\":\"lv-LV\",\"@id\":\"https:\\\/\\\/trendline.ee\\\/lv\\\/blogs\\\/#primaryimage\",\"url\":\"https:\\\/\\\/trendline.ee\\\/wp-content\\\/uploads\\\/2021\\\/03\\\/Mystery-Shopping-and-internal-audit.png\",\"contentUrl\":\"https:\\\/\\\/trendline.ee\\\/wp-content\\\/uploads\\\/2021\\\/03\\\/Mystery-Shopping-and-internal-audit.png\",\"width\":1728,\"height\":1008},{\"@type\":\"BreadcrumbList\",\"@id\":\"https:\\\/\\\/trendline.ee\\\/lv\\\/blogs\\\/#breadcrumb\",\"itemListElement\":[{\"@type\":\"ListItem\",\"position\":1,\"name\":\"Home\",\"item\":\"https:\\\/\\\/trendline.ee\\\/lv\\\/\"},{\"@type\":\"ListItem\",\"position\":2,\"name\":\"BLOGS\"}]},{\"@type\":\"WebSite\",\"@id\":\"https:\\\/\\\/trendline.ee\\\/lv\\\/#website\",\"url\":\"https:\\\/\\\/trendline.ee\\\/lv\\\/\",\"name\":\"Trendline\",\"description\":\"M&otilde;&otilde;detavalt paremaks!\",\"potentialAction\":[{\"@type\":\"SearchAction\",\"target\":{\"@type\":\"EntryPoint\",\"urlTemplate\":\"https:\\\/\\\/trendline.ee\\\/lv\\\/?s={search_term_string}\"},\"query-input\":{\"@type\":\"PropertyValueSpecification\",\"valueRequired\":true,\"valueName\":\"search_term_string\"}}],\"inLanguage\":\"lv-LV\"}]}<\/script>\n<!-- \/ Yoast SEO plugin. -->","yoast_head_json":{"title":"BLOGS - Trendline - SLEPEN\u0100 V\u0112RT\u0112\u0160ANA","description":"Ikvienam, kas v\u0113las k\u0101rt\u012bgi, god\u012bgi, apzin\u012bgi, korekti un augst\u0101 kvalit\u0101t\u0113 veikt slepen\u0101 v\u0113rt\u0113t\u0101ja darbu, iesak\u0101m t\u0101l\u0101k min\u0113tos 3 so\u013cus.","robots":{"index":"index","follow":"follow","max-snippet":"max-snippet:-1","max-image-preview":"max-image-preview:large","max-video-preview":"max-video-preview:-1"},"canonical":"https:\/\/trendline.ee\/lv\/blogs\/","og_locale":"lv_LV","og_type":"article","og_title":"BLOGS - Trendline - SLEPEN\u0100 V\u0112RT\u0112\u0160ANA","og_description":"Ikvienam, kas v\u0113las k\u0101rt\u012bgi, god\u012bgi, apzin\u012bgi, korekti un augst\u0101 kvalit\u0101t\u0113 veikt slepen\u0101 v\u0113rt\u0113t\u0101ja darbu, iesak\u0101m t\u0101l\u0101k min\u0113tos 3 so\u013cus.","og_url":"https:\/\/trendline.ee\/lv\/blogs\/","og_site_name":"Trendline","article_publisher":"https:\/\/www.facebook.com\/trendline.eesti","article_modified_time":"2025-05-18T20:02:35+00:00","og_image":[{"width":1728,"height":1008,"url":"https:\/\/trendline.ee\/wp-content\/uploads\/2021\/03\/Mystery-Shopping-and-internal-audit.png","type":"image\/png"}],"twitter_card":"summary_large_image","twitter_image":"https:\/\/trendline.ee\/wp-content\/uploads\/2021\/03\/Mystery-Shopping-and-internal-audit.png","twitter_misc":{"Est. reading time":"1 min\u016b\u0161u"},"schema":{"@context":"https:\/\/schema.org","@graph":[{"@type":"WebPage","@id":"https:\/\/trendline.ee\/lv\/blogs\/","url":"https:\/\/trendline.ee\/lv\/blogs\/","name":"BLOGS - Trendline - SLEPEN\u0100 V\u0112RT\u0112\u0160ANA","isPartOf":{"@id":"https:\/\/trendline.ee\/lv\/#website"},"primaryImageOfPage":{"@id":"https:\/\/trendline.ee\/lv\/blogs\/#primaryimage"},"image":{"@id":"https:\/\/trendline.ee\/lv\/blogs\/#primaryimage"},"thumbnailUrl":"https:\/\/trendline.ee\/wp-content\/uploads\/2021\/03\/Mystery-Shopping-and-internal-audit.png","datePublished":"2014-07-30T08:25:18+00:00","dateModified":"2025-05-18T20:02:35+00:00","description":"Ikvienam, kas v\u0113las k\u0101rt\u012bgi, god\u012bgi, apzin\u012bgi, korekti un augst\u0101 kvalit\u0101t\u0113 veikt slepen\u0101 v\u0113rt\u0113t\u0101ja darbu, iesak\u0101m t\u0101l\u0101k min\u0113tos 3 so\u013cus.","breadcrumb":{"@id":"https:\/\/trendline.ee\/lv\/blogs\/#breadcrumb"},"inLanguage":"lv-LV","potentialAction":[{"@type":"ReadAction","target":["https:\/\/trendline.ee\/lv\/blogs\/"]}]},{"@type":"ImageObject","inLanguage":"lv-LV","@id":"https:\/\/trendline.ee\/lv\/blogs\/#primaryimage","url":"https:\/\/trendline.ee\/wp-content\/uploads\/2021\/03\/Mystery-Shopping-and-internal-audit.png","contentUrl":"https:\/\/trendline.ee\/wp-content\/uploads\/2021\/03\/Mystery-Shopping-and-internal-audit.png","width":1728,"height":1008},{"@type":"BreadcrumbList","@id":"https:\/\/trendline.ee\/lv\/blogs\/#breadcrumb","itemListElement":[{"@type":"ListItem","position":1,"name":"Home","item":"https:\/\/trendline.ee\/lv\/"},{"@type":"ListItem","position":2,"name":"BLOGS"}]},{"@type":"WebSite","@id":"https:\/\/trendline.ee\/lv\/#website","url":"https:\/\/trendline.ee\/lv\/","name":"Trendline","description":"M&otilde;&otilde;detavalt paremaks!","potentialAction":[{"@type":"SearchAction","target":{"@type":"EntryPoint","urlTemplate":"https:\/\/trendline.ee\/lv\/?s={search_term_string}"},"query-input":{"@type":"PropertyValueSpecification","valueRequired":true,"valueName":"search_term_string"}}],"inLanguage":"lv-LV"}]}},"jetpack_sharing_enabled":true,"jetpack_likes_enabled":false,"_links":{"self":[{"href":"https:\/\/trendline.ee\/lv\/wp-json\/wp\/v2\/pages\/13758","targetHints":{"allow":["GET"]}}],"collection":[{"href":"https:\/\/trendline.ee\/lv\/wp-json\/wp\/v2\/pages"}],"about":[{"href":"https:\/\/trendline.ee\/lv\/wp-json\/wp\/v2\/types\/page"}],"author":[{"embeddable":true,"href":"https:\/\/trendline.ee\/lv\/wp-json\/wp\/v2\/users\/1"}],"replies":[{"embeddable":true,"href":"https:\/\/trendline.ee\/lv\/wp-json\/wp\/v2\/comments?post=13758"}],"version-history":[{"count":6,"href":"https:\/\/trendline.ee\/lv\/wp-json\/wp\/v2\/pages\/13758\/revisions"}],"predecessor-version":[{"id":24191,"href":"https:\/\/trendline.ee\/lv\/wp-json\/wp\/v2\/pages\/13758\/revisions\/24191"}],"wp:featuredmedia":[{"embeddable":true,"href":"https:\/\/trendline.ee\/lv\/wp-json\/wp\/v2\/media\/13449"}],"wp:attachment":[{"href":"https:\/\/trendline.ee\/lv\/wp-json\/wp\/v2\/media?parent=13758"}],"curies":[{"name":"wp","href":"https:\/\/api.w.org\/{rel}","templated":true}]}}